{"id":86,"date":"2018-02-02T17:32:49","date_gmt":"2018-02-02T16:32:49","guid":{"rendered":"http:\/\/kirchenchor-schuepfheim.ch\/wordpress\/?page_id=86"},"modified":"2018-03-04T08:47:55","modified_gmt":"2018-03-04T07:47:55","slug":"impressum","status":"publish","type":"page","link":"https:\/\/kirchenchor-schuepfheim.ch\/wordpress\/impressum\/","title":{"rendered":"Impressum"},"content":{"rendered":"<div id=\"inhalt\">Alle Fotos auf diesen Seiten unterliegen dem Copyright von kirchenchor-schuepfheim.ch<br \/>\nEine kommerzielle Nutzung jeglicher Daten von diesen Seiten ist nicht erlaubt.<br \/>\nEine nichtkommerzielle Nutzung ist erlaubt, sofern ein Hinweis auf die Herkunft der Quelle erfolgt.<\/p>\n<h3>Haftungshinweis:<\/h3>\n<p>Die auf dieser Internetseite enthaltenen Informationen sind sorgf\u00e4ltig zusammengestellt<br \/>\nund werden st\u00e4ndig \u00fcberpr\u00fcft und aktualisiert.&nbsp;&nbsp;&nbsp;&nbsp;<br \/>\nEine Haftung oder Garantie f\u00fcr die Aktualit\u00e4t, Richtigkeit oder Vollst\u00e4ndigkeit<br \/>\nder zur Verf\u00fcgung gestellten Informationen wird nicht \u00fcbernommen.<br \/>\nEs wird keinerlei Verantwortung f\u00fcr Ma\u00dfnahmen \u00fcbernommen,<br \/>\ndie auf der Grundlage dieser Informationen ergriffen werden.<\/p>\n<p>Wir distanzieren uns ausdr\u00fccklich von den Inhalten anderer Websites,<br \/>\nauf die mittels Hyperlink verwiesen wird, da diese von Fremdanbietern<br \/>\nzug\u00e4nglich gemacht werden und wir auf deren Inhalt keinerlei Einfluss haben.<br \/>\nEs wird keine Haftung f\u00fcr \u00dcbermittlungsfehler, Richtigkeit oder Vollst\u00e4ndigkeit<br \/>\naller Angaben und Eintragungen auf diesem Server sowie deren Darstellungsart&nbsp; \u00fcbernommen.<\/p>\n\n<table id=\"tablepress-9\" class=\"tablepress tablepress-id-9\">\n<tbody class=\"row-striping row-hover\">\n<tr class=\"row-1\">\n\t<td class=\"column-1\"><strong>Pr\u00e4sidentin<\/strong><br \/>\nMaria Schmid<\/td><td class=\"column-2\">Sch\u00e4chlimatte 7<br \/>\n6170 Sch\u00fcpfheim<\/td><td class=\"column-3\"><a href=\"mailto:m.schmid[at]kirchenchor-schuepfheim.ch\">Mail<\/a><\/td>\n<\/tr>\n<tr class=\"row-2\">\n\t<td class=\"column-1\"><strong>Webmaster<\/strong><br \/>\nCarlo De Angelis<\/td><td class=\"column-2\">Roorm\u00fcli 2<br \/>\n6170 Sch\u00fcpfheim<\/td><td class=\"column-3\"><a href=\"mailto:web-master[at]kirchenchor-schuepfheim.ch\">Mail<\/a><\/td>\n<\/tr>\n<\/tbody>\n<\/table>\n<!-- #tablepress-9 from cache -->\n<h6>Sicherheitsmassnahme gegen Spam<\/h6>\n<pre>Vor dem Absenden des Mails bitte die Eckklammern in der Mailadresse &nbsp;entfernen. [ ]\r\nDas at ist durch ein @ zu ersetzten.\r\n\r\nDanke f\u00fcr Ihr Verst\u00e4ndnis<\/pre>\n<\/div>\n","protected":false},"excerpt":{"rendered":"<p>Alle Fotos auf diesen Seiten unterliegen dem Copyright von kirchenchor-schuepfheim.ch Eine kommerzielle Nutzung jeglicher Daten von diesen Seiten ist nicht erlaubt. Eine [&hellip;]<\/p>\n","protected":false},"author":1,"featured_media":0,"parent":0,"menu_order":0,"comment_status":"closed","ping_status":"closed","template":"page-templates\/page_fullwidth.php","meta":{"footnotes":""},"class_list":["post-86","page","type-page","status-publish","hentry"],"_links":{"self":[{"href":"https:\/\/kirchenchor-schuepfheim.ch\/wordpress\/wp-json\/wp\/v2\/pages\/86","targetHints":{"allow":["GET"]}}],"collection":[{"href":"https:\/\/kirchenchor-schuepfheim.ch\/wordpress\/wp-json\/wp\/v2\/pages"}],"about":[{"href":"https:\/\/kirchenchor-schuepfheim.ch\/wordpress\/wp-json\/wp\/v2\/types\/page"}],"author":[{"embeddable":true,"href":"https:\/\/kirchenchor-schuepfheim.ch\/wordpress\/wp-json\/wp\/v2\/users\/1"}],"replies":[{"embeddable":true,"href":"https:\/\/kirchenchor-schuepfheim.ch\/wordpress\/wp-json\/wp\/v2\/comments?post=86"}],"version-history":[{"count":15,"href":"https:\/\/kirchenchor-schuepfheim.ch\/wordpress\/wp-json\/wp\/v2\/pages\/86\/revisions"}],"predecessor-version":[{"id":2355,"href":"https:\/\/kirchenchor-schuepfheim.ch\/wordpress\/wp-json\/wp\/v2\/pages\/86\/revisions\/2355"}],"wp:attachment":[{"href":"https:\/\/kirchenchor-schuepfheim.ch\/wordpress\/wp-json\/wp\/v2\/media?parent=86"}],"curies":[{"name":"wp","href":"https:\/\/api.w.org\/{rel}","templated":true}]}}