{"id":493,"date":"2018-02-04T08:56:34","date_gmt":"2018-02-04T07:56:34","guid":{"rendered":"http:\/\/kirchenchor-schuepfheim.ch\/wordpress\/?page_id=493"},"modified":"2026-03-09T14:54:28","modified_gmt":"2026-03-09T13:54:28","slug":"proben","status":"publish","type":"page","link":"https:\/\/kirchenchor-schuepfheim.ch\/wordpress\/proben\/","title":{"rendered":"Proben"},"content":{"rendered":"<h2><a href=\"http:\/\/kirchenchor-schuepfheim.ch\/wordpress\/wp-content\/uploads\/2023\/09\/Kirchenchor-Schuepfheim-Probe-scaled.jpg\"><img loading=\"lazy\" decoding=\"async\" class=\"alignnone wp-image-3148 size-full\" src=\"http:\/\/kirchenchor-schuepfheim.ch\/wordpress\/wp-content\/uploads\/2023\/09\/Kirchenchor-Schuepfheim-Probe-scaled.jpg\" alt=\"\" width=\"2560\" height=\"1707\" srcset=\"https:\/\/kirchenchor-schuepfheim.ch\/wordpress\/wp-content\/uploads\/2023\/09\/Kirchenchor-Schuepfheim-Probe-scaled.jpg 2560w, https:\/\/kirchenchor-schuepfheim.ch\/wordpress\/wp-content\/uploads\/2023\/09\/Kirchenchor-Schuepfheim-Probe-300x200.jpg 300w, https:\/\/kirchenchor-schuepfheim.ch\/wordpress\/wp-content\/uploads\/2023\/09\/Kirchenchor-Schuepfheim-Probe-1024x683.jpg 1024w, https:\/\/kirchenchor-schuepfheim.ch\/wordpress\/wp-content\/uploads\/2023\/09\/Kirchenchor-Schuepfheim-Probe-768x512.jpg 768w, https:\/\/kirchenchor-schuepfheim.ch\/wordpress\/wp-content\/uploads\/2023\/09\/Kirchenchor-Schuepfheim-Probe-1536x1024.jpg 1536w, https:\/\/kirchenchor-schuepfheim.ch\/wordpress\/wp-content\/uploads\/2023\/09\/Kirchenchor-Schuepfheim-Probe-2048x1365.jpg 2048w, https:\/\/kirchenchor-schuepfheim.ch\/wordpress\/wp-content\/uploads\/2023\/09\/Kirchenchor-Schuepfheim-Probe-1000x667.jpg 1000w, https:\/\/kirchenchor-schuepfheim.ch\/wordpress\/wp-content\/uploads\/2023\/09\/Kirchenchor-Schuepfheim-Probe-230x153.jpg 230w, https:\/\/kirchenchor-schuepfheim.ch\/wordpress\/wp-content\/uploads\/2023\/09\/Kirchenchor-Schuepfheim-Probe-350x233.jpg 350w, https:\/\/kirchenchor-schuepfheim.ch\/wordpress\/wp-content\/uploads\/2023\/09\/Kirchenchor-Schuepfheim-Probe-480x320.jpg 480w, https:\/\/kirchenchor-schuepfheim.ch\/wordpress\/wp-content\/uploads\/2023\/09\/Kirchenchor-Schuepfheim-Probe-272x182.jpg 272w\" sizes=\"auto, (max-width: 2560px) 100vw, 2560px\" \/><\/a><\/h2>\n<h2>Probeplan 2026<\/h2>\n<p>Die Proben des Kirchenchor Sch\u00fcpfheim<br \/>\nfinden jeweils am Dienstag um 19.30 Uhr im<br \/>\nMusiksaal Oberstufenschulhaus Sch\u00fcpfheim statt.<\/p>\n<div><small>\u00c4nderungen vorbehalten<\/small><\/div>\n<div><\/div>\n<div>\n<table id=\"tablepress-15\" class=\"tablepress tablepress-id-15\">\n<thead>\n<tr class=\"row-1\">\n\t<th class=\"column-1\"><strong>Datum<\/strong><\/th><th class=\"column-2\"><strong>Ort<\/strong><\/th><th class=\"column-3\"><strong>Zeit<\/strong><\/th>\n<\/tr>\n<\/thead>\n<tbody class=\"row-striping row-hover\">\n<tr class=\"row-2\">\n\t<td class=\"column-1\"><strong>April<\/strong><\/td><td class=\"column-2\"><\/td><td class=\"column-3\"><\/td>\n<\/tr>\n<tr class=\"row-3\">\n\t<td class=\"column-1\">21. April<\/td><td class=\"column-2\">Musiksaal <br \/>\nOberstufenschulhaus <br \/>\nSch\u00fcpfheim<\/td><td class=\"column-3\">19.30 Uhr<\/td>\n<\/tr>\n<tr class=\"row-4\">\n\t<td class=\"column-1\">28. April<\/td><td class=\"column-2\">Musiksaal <br \/>\nOberstufenschulhaus <br \/>\nSch\u00fcpfheim<\/td><td class=\"column-3\">19.30 Uhr<\/td>\n<\/tr>\n<tr class=\"row-5\">\n\t<td class=\"column-1\"><strong>Mai<\/strong><\/td><td class=\"column-2\"><\/td><td class=\"column-3\"><\/td>\n<\/tr>\n<tr class=\"row-6\">\n\t<td class=\"column-1\">05. Mai<\/td><td class=\"column-2\">Musiksaal <br \/>\nOberstufenschulhaus <br \/>\nSch\u00fcpfheim<\/td><td class=\"column-3\">19.30 Uhr<\/td>\n<\/tr>\n<tr class=\"row-7\">\n\t<td class=\"column-1\">12. Mai<\/td><td class=\"column-2\">Musiksaal <br \/>\nOberstufenschulhaus <br \/>\nSch\u00fcpfheim<\/td><td class=\"column-3\">19.30 Uhr<\/td>\n<\/tr>\n<tr class=\"row-8\">\n\t<td class=\"column-1\">19. Mai<\/td><td class=\"column-2\">Musiksaal <br \/>\nOberstufenschulhaus <br \/>\nSch\u00fcpfheim<br \/>\nmit Orchester<\/td><td class=\"column-3\">19.30 Uhr<\/td>\n<\/tr>\n<tr class=\"row-9\">\n\t<td class=\"column-1\">22. Mai<\/td><td class=\"column-2\">in der <br \/>\nPfarrkirche Sch\u00fcpfheim<\/td><td class=\"column-3\">19.30 Uhr<\/td>\n<\/tr>\n<tr class=\"row-10\">\n\t<td class=\"column-1\">26. Mai<\/td><td class=\"column-2\">Musiksaal <br \/>\nOberstufenschulhaus <br \/>\nSch\u00fcpfheim<\/td><td class=\"column-3\">19.30 Uhr<\/td>\n<\/tr>\n<tr class=\"row-11\">\n\t<td class=\"column-1\"><strong>Juni<\/strong><\/td><td class=\"column-2\"><\/td><td class=\"column-3\"><\/td>\n<\/tr>\n<tr class=\"row-12\">\n\t<td class=\"column-1\">02. Juni<\/td><td class=\"column-2\">Musiksaal <br \/>\nOberstufenschulhaus <br \/>\nSch\u00fcpfheim<\/td><td class=\"column-3\">19.30 Uhr<\/td>\n<\/tr>\n<tr class=\"row-13\">\n\t<td class=\"column-1\">09. Juni<\/td><td class=\"column-2\">Musiksaal <br \/>\nOberstufenschulhaus <br \/>\nSch\u00fcpfheim<\/td><td class=\"column-3\">19.30 Uhr<\/td>\n<\/tr>\n<tr class=\"row-14\">\n\t<td class=\"column-1\">16. Juni<\/td><td class=\"column-2\">Musiksaal <br \/>\nOberstufenschulhaus <br \/>\nSch\u00fcpfheim<\/td><td class=\"column-3\">19.30 Uhr<\/td>\n<\/tr>\n<tr class=\"row-15\">\n\t<td class=\"column-1\">23. Juni<\/td><td class=\"column-2\">Musiksaal <br \/>\nOberstufenschulhaus <br \/>\nSch\u00fcpfheim<\/td><td class=\"column-3\">19.30 Uhr<\/td>\n<\/tr>\n<tr class=\"row-16\">\n\t<td class=\"column-1\"><\/td><td class=\"column-2\"><\/td><td class=\"column-3\"><\/td>\n<\/tr>\n<\/tbody>\n<\/table>\n<!-- #tablepress-15 from cache --><\/div>\n","protected":false},"excerpt":{"rendered":"<p>Probeplan 2026 Die Proben des Kirchenchor Sch\u00fcpfheim finden jeweils am Dienstag um 19.30 Uhr im Musiksaal Oberstufenschulhaus Sch\u00fcpfheim statt. \u00c4nderungen vorbehalten<\/p>\n","protected":false},"author":1,"featured_media":0,"parent":0,"menu_order":0,"comment_status":"closed","ping_status":"closed","template":"page-templates\/page_fullwidth.php","meta":{"footnotes":""},"class_list":["post-493","page","type-page","status-publish","hentry"],"_links":{"self":[{"href":"https:\/\/kirchenchor-schuepfheim.ch\/wordpress\/wp-json\/wp\/v2\/pages\/493","targetHints":{"allow":["GET"]}}],"collection":[{"href":"https:\/\/kirchenchor-schuepfheim.ch\/wordpress\/wp-json\/wp\/v2\/pages"}],"about":[{"href":"https:\/\/kirchenchor-schuepfheim.ch\/wordpress\/wp-json\/wp\/v2\/types\/page"}],"author":[{"embeddable":true,"href":"https:\/\/kirchenchor-schuepfheim.ch\/wordpress\/wp-json\/wp\/v2\/users\/1"}],"replies":[{"embeddable":true,"href":"https:\/\/kirchenchor-schuepfheim.ch\/wordpress\/wp-json\/wp\/v2\/comments?post=493"}],"version-history":[{"count":20,"href":"https:\/\/kirchenchor-schuepfheim.ch\/wordpress\/wp-json\/wp\/v2\/pages\/493\/revisions"}],"predecessor-version":[{"id":3523,"href":"https:\/\/kirchenchor-schuepfheim.ch\/wordpress\/wp-json\/wp\/v2\/pages\/493\/revisions\/3523"}],"wp:attachment":[{"href":"https:\/\/kirchenchor-schuepfheim.ch\/wordpress\/wp-json\/wp\/v2\/media?parent=493"}],"curies":[{"name":"wp","href":"https:\/\/api.w.org\/{rel}","templated":true}]}}