{"id":2078,"date":"2018-02-11T14:28:00","date_gmt":"2018-02-11T13:28:00","guid":{"rendered":"http:\/\/kirchenchor-schuepfheim.ch\/wordpress\/?page_id=2078"},"modified":"2025-12-02T17:48:44","modified_gmt":"2025-12-02T16:48:44","slug":"fotogalerie","status":"publish","type":"page","link":"https:\/\/kirchenchor-schuepfheim.ch\/wordpress\/fotogalerie\/","title":{"rendered":"Fotogalerie"},"content":{"rendered":"<p style=\"text-align: center;\"><a href=\"http:\/\/kirchenchor-schuepfheim.ch\/wordpress\/wp-content\/uploads\/2018\/02\/camera.jpg\"><img loading=\"lazy\" decoding=\"async\" class=\"alignnone size-medium wp-image-2313\" src=\"http:\/\/kirchenchor-schuepfheim.ch\/wordpress\/wp-content\/uploads\/2018\/02\/camera-300x177.jpg\" alt=\"\" width=\"300\" height=\"177\" srcset=\"https:\/\/kirchenchor-schuepfheim.ch\/wordpress\/wp-content\/uploads\/2018\/02\/camera-300x177.jpg 300w, https:\/\/kirchenchor-schuepfheim.ch\/wordpress\/wp-content\/uploads\/2018\/02\/camera-230x136.jpg 230w, https:\/\/kirchenchor-schuepfheim.ch\/wordpress\/wp-content\/uploads\/2018\/02\/camera-350x207.jpg 350w, https:\/\/kirchenchor-schuepfheim.ch\/wordpress\/wp-content\/uploads\/2018\/02\/camera-480x284.jpg 480w, https:\/\/kirchenchor-schuepfheim.ch\/wordpress\/wp-content\/uploads\/2018\/02\/camera.jpg 640w\" sizes=\"auto, (max-width: 300px) 100vw, 300px\" \/><\/a><\/p>\n<ul>\n<li>C\u00e4cilienfeier <a href=\"https:\/\/myalbum.com\/album\/d9rKtZhMR5C4bo\/?invite=c2a89efe-edac-475a-af2a-2f3e9aae1daf\" target=\"_blank\" rel=\"noopener\">2025<\/a><\/li>\n<li>Adventskonzert <a href=\"https:\/\/myalbum.com\/album\/y39K2AxiKorUwz\/?invite=992d3fb5-5bd2-45f8-a25e-5fcffd1c34f9\" target=\"_blank\" rel=\"noopener\">15.12.2024<\/a><\/li>\n<li>C\u00e4cilienfeier <a href=\"https:\/\/myalbum.com\/album\/kCxViuNeBXVARo\/?invite=899a3809-42a7-49a1-bbeb-eb59b8cc94a6\" target=\"_blank\" rel=\"noopener\">2024<\/a><\/li>\n<li>Chorreise <a href=\"https:\/\/myalbum.com\/album\/CPPykzFwC9YDk6\/?invite=1989e9a9-990c-43af-bf33-cb427954e3e2\" target=\"_blank\" rel=\"noopener\">2024<\/a><\/li>\n<li>Generalversammlung <a href=\"https:\/\/myalbum.com\/album\/Fkyys6fxC8UGZZ\/?invite=f2766ff7-e0d5-45d7-829a-9ce66525f057\" target=\"_blank\" rel=\"noopener\">2024<\/a><\/li>\n<li>C\u00e4cilienfeier <a href=\"https:\/\/myalbum.com\/album\/7nSUWVT7aSCRiY\/?invite=fd90d011-3c8f-4c84-90b6-7fee3c55b56e\" target=\"_blank\" rel=\"noopener\">2023<\/a><\/li>\n<li>Genusswanderung <a href=\"https:\/\/myalbum.com\/album\/nwR2uc4T6advUT\/\" target=\"_blank\" rel=\"noopener\">10.09.2023<\/a><\/li>\n<li>Abschluss Picknick <a href=\"https:\/\/myalbum.com\/album\/kb8RrCdEFcahrL\/\" target=\"_blank\" rel=\"noopener\">2023<\/a><\/li>\n<li><a href=\"https:\/\/myalbum.com\/album\/QkCaK98L942ttn\/?invite=09ccc9dc-8160-4bd7-a84d-781706d8202d\" target=\"_blank\" rel=\"noopener\">14.03.2023<\/a> Abtretender Pr\u00e4sident (mitte) neue Pr\u00e4sidentin (rechts)<\/li>\n<li>Masterkonzert: Alsu Nigmatullina <a href=\"https:\/\/myalbum.com\/album\/nByMgUYbWe9V\/?invite=0af71e14-57b9-4b2d-8cad-5811525d2fec\" target=\"_blank\" rel=\"noopener\">09.12.2022<\/a><\/li>\n<li>Generalversammlung <a href=\"https:\/\/myalbum.com\/album\/zQtBGaKdCPdiri\" target=\"_blank\" rel=\"noopener\">2022<\/a><\/li>\n<li>C\u00e4cilienfeier <a href=\"https:\/\/myalbum.com\/album\/6R9GMdKHm4CSWt\" target=\"_blank\" rel=\"noopener\">2021<\/a><\/li>\n<li>C\u00e4cilienfeier <a href=\"https:\/\/myalbum.com\/album\/2jjJANT5Pmgk\" target=\"_blank\" rel=\"noopener noreferrer\">2019<\/a><\/li>\n<li>Chorreise <a href=\"https:\/\/myalbum.com\/album\/hDGbeSMETgz7\" target=\"_blank\" rel=\"noopener noreferrer\">2019<\/a><\/li>\n<li>Abschluss Picknick <a href=\"https:\/\/myalbum.com\/album\/tm6CF3sSeu7V\" target=\"_blank\" rel=\"noopener noreferrer\">2019<\/a><\/li>\n<li>Video Konzert 26.05.2019 <a href=\"https:\/\/myalbum.com\/album\/aAH3JgmQcpoq\" target=\"_blank\" rel=\"noopener noreferrer\">#1<\/a><\/li>\n<li>Video Konzert 26.05.2019 <a href=\"https:\/\/myalbum.com\/album\/Rwe9AQE3Cf6W\" target=\"_blank\" rel=\"noopener noreferrer\">#2<\/a><\/li>\n<li>Konzert <a href=\"https:\/\/myalbum.com\/album\/kpWTa3UqVdbF\" target=\"_blank\" rel=\"noopener noreferrer\">2019<\/a><\/li>\n<li>C\u00e4cilienfeier <a href=\"https:\/\/myalbum.com\/album\/9dd666rQxGHQ\" target=\"_blank\" rel=\"noopener noreferrer\">2018<\/a><\/li>\n<li>Chorreise <a href=\"https:\/\/myalbum.com\/album\/MESqkdr3qPWG\" target=\"_blank\" rel=\"noopener noreferrer\">2017<\/a><\/li>\n<li>C\u00e4cilienfeier <a href=\"https:\/\/myalbum.com\/album\/JotFFAQQTWtv\" target=\"_blank\" rel=\"noopener noreferrer\">2016<\/a><\/li>\n<li>C\u00e4cilienfeier <a href=\"https:\/\/myalbum.com\/album\/SGHriyT7pb6P\" target=\"_blank\" rel=\"noopener noreferrer\">2015<\/a><\/li>\n<li>Chorreise 2015 &#8211; <a href=\"https:\/\/myalbum.com\/album\/jxyYn5ZmUvqy\" target=\"_blank\" rel=\"noopener noreferrer\">Teil2<\/a><\/li>\n<li>Chorreise 2015 &#8211; <a href=\"https:\/\/myalbum.com\/album\/JmyZ6ohuqfv8\" target=\"_blank\" rel=\"noopener noreferrer\">Teil1<\/a><\/li>\n<li>Weihnachtskonzert <a href=\"https:\/\/myalbum.com\/album\/XAKbeJKV6JzY\" target=\"_blank\" rel=\"noopener noreferrer\">28.12.2013<\/a> &#8211; Kirche S\u00f6renberg<\/li>\n<li>Konzert <a href=\"https:\/\/myalbum.com\/album\/X6sdSaX9qNK3\" target=\"_blank\" rel=\"noopener noreferrer\">10.11.2012<\/a> &#8222;Karl Jenkins &#8211; Requiem&#8220;<\/li>\n<li>Chorreise <a href=\"https:\/\/myalbum.com\/album\/ikqRaQVzq5KP\" target=\"_blank\" rel=\"noopener noreferrer\">2012<\/a><\/li>\n<li>C\u00e4cilienfeier <a href=\"https:\/\/myalbum.com\/album\/K5MbVQX5tFC7\" target=\"_blank\" rel=\"noopener noreferrer\">2011<\/a><\/li>\n<li>C\u00e4cilienfeier <a href=\"https:\/\/myalbum.com\/album\/zn3NAe7wCuAe\" target=\"_blank\" rel=\"noopener noreferrer\">2010<\/a><\/li>\n<li>C\u00e4cilienfeier <a href=\"https:\/\/myalbum.com\/album\/5yQQCsNUNynd\" target=\"_blank\" rel=\"noopener noreferrer\">2009<\/a><\/li>\n<li>Generalversammlung <a href=\"https:\/\/myalbum.com\/album\/6RJUvNYbsDFT\" target=\"_blank\" rel=\"noopener noreferrer\">2009<\/a><\/li>\n<li>Jahreskonzert der MG Sch\u00fcpfheim <a href=\"https:\/\/myalbum.com\/album\/5rG6s5pFV9dM\" target=\"_blank\" rel=\"noopener noreferrer\">2009<\/a>\u00a0mit Mirkwirkung der Kirchench\u00f6re Sch\u00fcpfheim und Inwil<\/li>\n<li>C\u00e4cilienfeier <a href=\"https:\/\/myalbum.com\/album\/tpyHFyBn7YMu\" target=\"_blank\" rel=\"noopener noreferrer\">2008<\/a><\/li>\n<li>Abschlussabend Kirchenchor Sch\u00fcpfheim &amp; Inwil <a href=\"https:\/\/myalbum.com\/album\/ZanLMyYUkTxy\" target=\"_blank\" rel=\"noopener noreferrer\">2008<\/a><\/li>\n<li>Konzert <a href=\"https:\/\/myalbum.com\/album\/W92wXNXU7Xn6\" target=\"_blank\" rel=\"noopener noreferrer\">02.03.2008<\/a> &#8222;Magnificat&#8220;<\/li>\n<li>Generalversammlung <a href=\"https:\/\/myalbum.com\/album\/2VWNB8oWui9h\" target=\"_blank\" rel=\"noopener noreferrer\">2007<\/a><\/li>\n<li>C\u00e4cilienfeier <a href=\"https:\/\/myalbum.com\/album\/bJqq7nXkW52P\" target=\"_blank\" rel=\"noopener noreferrer\">2006<\/a><\/li>\n<\/ul>\n","protected":false},"excerpt":{"rendered":"<p>C\u00e4cilienfeier 2025 Adventskonzert 15.12.2024 C\u00e4cilienfeier 2024 Chorreise 2024 Generalversammlung 2024 C\u00e4cilienfeier 2023 Genusswanderung 10.09.2023 Abschluss Picknick 2023 14.03.2023 Abtretender Pr\u00e4sident (mitte) neue [&hellip;]<\/p>\n","protected":false},"author":1,"featured_media":0,"parent":0,"menu_order":0,"comment_status":"closed","ping_status":"closed","template":"","meta":{"footnotes":""},"class_list":["post-2078","page","type-page","status-publish","hentry"],"_links":{"self":[{"href":"https:\/\/kirchenchor-schuepfheim.ch\/wordpress\/wp-json\/wp\/v2\/pages\/2078","targetHints":{"allow":["GET"]}}],"collection":[{"href":"https:\/\/kirchenchor-schuepfheim.ch\/wordpress\/wp-json\/wp\/v2\/pages"}],"about":[{"href":"https:\/\/kirchenchor-schuepfheim.ch\/wordpress\/wp-json\/wp\/v2\/types\/page"}],"author":[{"embeddable":true,"href":"https:\/\/kirchenchor-schuepfheim.ch\/wordpress\/wp-json\/wp\/v2\/users\/1"}],"replies":[{"embeddable":true,"href":"https:\/\/kirchenchor-schuepfheim.ch\/wordpress\/wp-json\/wp\/v2\/comments?post=2078"}],"version-history":[{"count":70,"href":"https:\/\/kirchenchor-schuepfheim.ch\/wordpress\/wp-json\/wp\/v2\/pages\/2078\/revisions"}],"predecessor-version":[{"id":3412,"href":"https:\/\/kirchenchor-schuepfheim.ch\/wordpress\/wp-json\/wp\/v2\/pages\/2078\/revisions\/3412"}],"wp:attachment":[{"href":"https:\/\/kirchenchor-schuepfheim.ch\/wordpress\/wp-json\/wp\/v2\/media?parent=2078"}],"curies":[{"name":"wp","href":"https:\/\/api.w.org\/{rel}","templated":true}]}}